{"id":40,"date":"2025-09-01T21:34:04","date_gmt":"2025-09-01T21:34:04","guid":{"rendered":"https:\/\/www.malusolis.com\/?page_id=40"},"modified":"2025-09-28T17:14:45","modified_gmt":"2025-09-28T17:14:45","slug":"sobre-mi","status":"publish","type":"page","link":"https:\/\/www.malusolis.com\/en\/sobre-mi\/","title":{"rendered":"About me"},"content":{"rendered":"\t\t<div data-elementor-type=\"wp-page\" data-elementor-id=\"40\" class=\"elementor elementor-40\" data-elementor-post-type=\"page\">\n\t\t\t\t<div class=\"elementor-element elementor-element-75b56bb e-flex e-con-boxed e-con e-parent\" data-id=\"75b56bb\" data-element_type=\"container\" data-e-type=\"container\">\n\t\t\t\t\t<div class=\"e-con-inner\">\n\t\t<div class=\"elementor-element elementor-element-c615868 e-con-full e-flex e-con e-child\" data-id=\"c615868\" data-element_type=\"container\" data-e-type=\"container\">\n\t\t\t\t<div class=\"elementor-element elementor-element-966ed14 elementor-widget elementor-widget-image\" data-id=\"966ed14\" data-element_type=\"widget\" data-e-type=\"widget\" data-widget_type=\"image.default\">\n\t\t\t\t\t\t\t\t\t\t\t\t\t\t\t<img fetchpriority=\"high\" decoding=\"async\" width=\"800\" height=\"800\" src=\"https:\/\/www.malusolis.com\/wp-content\/uploads\/2025\/08\/malu_logo.png\" class=\"attachment-full size-full wp-image-75\" alt=\"\" srcset=\"https:\/\/www.malusolis.com\/wp-content\/uploads\/2025\/08\/malu_logo.png 800w, https:\/\/www.malusolis.com\/wp-content\/uploads\/2025\/08\/malu_logo-300x300.png 300w, https:\/\/www.malusolis.com\/wp-content\/uploads\/2025\/08\/malu_logo-150x150.png 150w, https:\/\/www.malusolis.com\/wp-content\/uploads\/2025\/08\/malu_logo-768x768.png 768w, https:\/\/www.malusolis.com\/wp-content\/uploads\/2025\/08\/malu_logo-12x12.png 12w\" sizes=\"(max-width: 800px) 100vw, 800px\" \/>\t\t\t\t\t\t\t\t\t\t\t\t\t\t\t<\/div>\n\t\t\t\t<div class=\"elementor-element elementor-element-70d86d4 elementor-widget elementor-widget-image\" data-id=\"70d86d4\" data-element_type=\"widget\" data-e-type=\"widget\" data-widget_type=\"image.default\">\n\t\t\t\t\t\t\t\t\t\t\t\t\t\t\t<img decoding=\"async\" width=\"2560\" height=\"1707\" src=\"https:\/\/www.malusolis.com\/wp-content\/uploads\/2025\/06\/DSC03990-scaled.jpg\" class=\"attachment-full size-full wp-image-8\" alt=\"\" srcset=\"https:\/\/www.malusolis.com\/wp-content\/uploads\/2025\/06\/DSC03990-scaled.jpg 2560w, https:\/\/www.malusolis.com\/wp-content\/uploads\/2025\/06\/DSC03990-300x200.jpg 300w, https:\/\/www.malusolis.com\/wp-content\/uploads\/2025\/06\/DSC03990-1024x683.jpg 1024w, https:\/\/www.malusolis.com\/wp-content\/uploads\/2025\/06\/DSC03990-768x512.jpg 768w, https:\/\/www.malusolis.com\/wp-content\/uploads\/2025\/06\/DSC03990-1536x1024.jpg 1536w, https:\/\/www.malusolis.com\/wp-content\/uploads\/2025\/06\/DSC03990-2048x1365.jpg 2048w\" sizes=\"(max-width: 2560px) 100vw, 2560px\" \/>\t\t\t\t\t\t\t\t\t\t\t\t\t\t\t<\/div>\n\t\t\t\t<\/div>\n\t\t<div class=\"elementor-element elementor-element-74dc658 e-con-full e-flex e-con e-child\" data-id=\"74dc658\" data-element_type=\"container\" data-e-type=\"container\">\n\t\t\t\t<div class=\"elementor-element elementor-element-b6e44ce elementor-widget__width-initial elementor-widget elementor-widget-heading\" data-id=\"b6e44ce\" data-element_type=\"widget\" data-e-type=\"widget\" data-settings=\"{&quot;_animation&quot;:&quot;none&quot;,&quot;_animation_delay&quot;:300}\" data-widget_type=\"heading.default\">\n\t\t\t\t\t<h2 class=\"elementor-heading-title elementor-size-default\">Contacto<\/h2>\t\t\t\t<\/div>\n\t\t\t\t<div class=\"elementor-element elementor-element-28bc366 elementor-widget elementor-widget-text-editor\" data-id=\"28bc366\" data-element_type=\"widget\" data-e-type=\"widget\" data-widget_type=\"text-editor.default\">\n\t\t\t\t\t\t\t\t\t<p>malu@larealizadora.com<\/p>\t\t\t\t\t\t\t\t<\/div>\n\t\t\t\t<div class=\"elementor-element elementor-element-f28a144 elementor-widget__width-initial elementor-widget elementor-widget-heading\" data-id=\"f28a144\" data-element_type=\"widget\" data-e-type=\"widget\" data-settings=\"{&quot;_animation&quot;:&quot;none&quot;,&quot;_animation_delay&quot;:300}\" data-widget_type=\"heading.default\">\n\t\t\t\t\t<h2 class=\"elementor-heading-title elementor-size-default\">Instagram<\/h2>\t\t\t\t<\/div>\n\t\t\t\t<div class=\"elementor-element elementor-element-8ec84a8 elementor-widget elementor-widget-text-editor\" data-id=\"8ec84a8\" data-element_type=\"widget\" data-e-type=\"widget\" data-widget_type=\"text-editor.default\">\n\t\t\t\t\t\t\t\t\t<p>Portafolio Personal:<\/p><p>www.loremipsum.com<\/p><p>www.seddolorab.mx<\/p>\t\t\t\t\t\t\t\t<\/div>\n\t\t\t\t<div class=\"elementor-element elementor-element-d9acaf3 elementor-widget__width-initial elementor-widget elementor-widget-heading\" data-id=\"d9acaf3\" data-element_type=\"widget\" data-e-type=\"widget\" data-settings=\"{&quot;_animation&quot;:&quot;none&quot;,&quot;_animation_delay&quot;:300}\" data-widget_type=\"heading.default\">\n\t\t\t\t\t<h2 class=\"elementor-heading-title elementor-size-default\">Facebook<\/h2>\t\t\t\t<\/div>\n\t\t\t\t<div class=\"elementor-element elementor-element-eb51166 elementor-widget elementor-widget-text-editor\" data-id=\"eb51166\" data-element_type=\"widget\" data-e-type=\"widget\" data-widget_type=\"text-editor.default\">\n\t\t\t\t\t\t\t\t\t<p>malu@larealizadora.com<\/p>\t\t\t\t\t\t\t\t<\/div>\n\t\t\t\t<div class=\"elementor-element elementor-element-ee047d8 elementor-widget__width-initial elementor-widget elementor-widget-heading\" data-id=\"ee047d8\" data-element_type=\"widget\" data-e-type=\"widget\" data-settings=\"{&quot;_animation&quot;:&quot;none&quot;,&quot;_animation_delay&quot;:300}\" data-widget_type=\"heading.default\">\n\t\t\t\t\t<h2 class=\"elementor-heading-title elementor-size-default\">Twitter<\/h2>\t\t\t\t<\/div>\n\t\t\t\t<div class=\"elementor-element elementor-element-7e89afd elementor-widget elementor-widget-text-editor\" data-id=\"7e89afd\" data-element_type=\"widget\" data-e-type=\"widget\" data-widget_type=\"text-editor.default\">\n\t\t\t\t\t\t\t\t\t<p>malu@larealizadora.com<\/p>\t\t\t\t\t\t\t\t<\/div>\n\t\t\t\t<\/div>\n\t\t\t\t\t<\/div>\n\t\t\t\t<\/div>\n\t\t<div class=\"elementor-element elementor-element-42e1122 e-flex e-con-boxed e-con e-parent\" data-id=\"42e1122\" data-element_type=\"container\" data-e-type=\"container\">\n\t\t\t\t\t<div class=\"e-con-inner\">\n\t\t<div class=\"elementor-element elementor-element-9c3f68f e-con-full e-flex e-con e-child\" data-id=\"9c3f68f\" data-element_type=\"container\" data-e-type=\"container\">\n\t\t\t\t<div class=\"elementor-element elementor-element-1a5962a elementor-widget elementor-widget-text-editor\" data-id=\"1a5962a\" data-element_type=\"widget\" data-e-type=\"widget\" data-widget_type=\"text-editor.default\">\n\t\t\t\t\t\t\t\t\t<p>A modo de una peque\u00f1a presentaci\u00f3n, a continuaci\u00f3n les enlisto diez particularidades, o bien generalidades, de m\u00ed misma desde mi misma misma que la misma misma misma\u2026<\/p><p>\u00a0<\/p><p>Mi mayor habilidad: la interrupci\u00f3n inmediata de la realidad. El arte, el sue\u00f1o y mis incontables desmayos tienen la agradable facultad de eliminar terribles desencantos.<\/p><p>\u00a0<\/p><p>Agrego que tal vez esto s\u00f3lo se trate de una intolerancia primitiva y en cambio no de alg\u00fan tipo de habilidad. Creo que hay algo m\u00e1s de cierto \u2014y m\u00e1s de encanto\u2014 en el arte que en el mundo.<\/p><p>\u00a0<\/p><p>Prefiero a Malu que a Maril\u00fa.<\/p><p>\u00a0<\/p><p>Conoc\u00ed el agradable sinsabor del aguacate apenas hace unos a\u00f1os.<\/p><p>\u00a0<\/p><p>Como Rimbaud, tambi\u00e9n creo que el amor debe ser reinventado.<\/p><p>\u00a0<\/p><p>El mar y la oscuridad lo mismo, para tal caso el sue\u00f1o. Dos grav\u00edsimas situaciones de riesgo. Duermo con luz de noche.<\/p><p>\u00a0<\/p><p>Mi tel\u00e9fono siempre en silencio. Pero juro contestar cuando mi mirada coincida en la pantalla con la entrada de tu llamada.<\/p><p>\u00a0<\/p><p>A pesar de ser mujer, tengo algo de machismo, quiz\u00e1 por eso desde ni\u00f1a viva rodeada de maricas.<\/p><p>\u00a0<\/p><p>Sigo sin encontrarle el gusto al alcohol, aunque busco olvidar, algo que mi condenada memoria estricta a\u00fan no me permite.<\/p><p>\u00a0<\/p><p>Los libros como los amores, en desorden, a fragmentos, apilados, en espera. Los libros y los amores con repeticiones y remembranzas, jam\u00e1s lejos de la cama, y siempre cerca de m\u00ed.<\/p><p>\u00a0<\/p><p>De una intuici\u00f3n canina, casi bestia, casi bruja, de llorar mis p\u00e9rdidas semanas antes de perderlas.<\/p><p>\u00a0<\/p><p>Y aunque todo esto sea cuento o enga\u00f1o, invariablemente digo la verdad desde las mentiras de mi ficci\u00f3n.<\/p>\t\t\t\t\t\t\t\t<\/div>\n\t\t\t\t<\/div>\n\t\t<div class=\"elementor-element elementor-element-bda13ac e-con-full e-flex e-con e-child\" data-id=\"bda13ac\" data-element_type=\"container\" data-e-type=\"container\">\n\t\t\t\t<div class=\"elementor-element elementor-element-e8eaeed elementor-button-align-end elementor-widget elementor-widget-form\" data-id=\"e8eaeed\" data-element_type=\"widget\" data-e-type=\"widget\" data-settings=\"{&quot;step_next_label&quot;:&quot;Next&quot;,&quot;step_previous_label&quot;:&quot;Previous&quot;,&quot;button_width&quot;:&quot;100&quot;,&quot;step_type&quot;:&quot;number_text&quot;,&quot;step_icon_shape&quot;:&quot;circle&quot;}\" data-widget_type=\"form.default\">\n\t\t\t\t\t\t\t<form class=\"elementor-form\" method=\"post\" name=\"New Form\" aria-label=\"New Form\">\n\t\t\t<input type=\"hidden\" name=\"post_id\" value=\"40\"\/>\n\t\t\t<input type=\"hidden\" name=\"form_id\" value=\"e8eaeed\"\/>\n\t\t\t<input type=\"hidden\" name=\"referer_title\" value=\"\" \/>\n\n\t\t\t\n\t\t\t<div class=\"elementor-form-fields-wrapper elementor-labels-above\">\n\t\t\t\t\t\t\t\t<div class=\"elementor-field-type-text elementor-field-group elementor-column elementor-field-group-name elementor-col-100 elementor-field-required elementor-mark-required\">\n\t\t\t\t\t\t\t\t\t\t\t\t<label for=\"form-field-name\" class=\"elementor-field-label\">\n\t\t\t\t\t\t\t\tNombre\t\t\t\t\t\t\t<\/label>\n\t\t\t\t\t\t\t\t\t\t\t\t\t\t<input size=\"1\" type=\"text\" name=\"form_fields[name]\" id=\"form-field-name\" class=\"elementor-field elementor-size-sm  elementor-field-textual\" required=\"required\">\n\t\t\t\t\t\t\t\t\t\t\t<\/div>\n\t\t\t\t\t\t\t\t<div class=\"elementor-field-type-email elementor-field-group elementor-column elementor-field-group-email elementor-col-100 elementor-field-required elementor-mark-required\">\n\t\t\t\t\t\t\t\t\t\t\t\t<label for=\"form-field-email\" class=\"elementor-field-label\">\n\t\t\t\t\t\t\t\tCorreo\t\t\t\t\t\t\t<\/label>\n\t\t\t\t\t\t\t\t\t\t\t\t\t\t<input size=\"1\" type=\"email\" name=\"form_fields[email]\" id=\"form-field-email\" class=\"elementor-field elementor-size-sm  elementor-field-textual\" required=\"required\">\n\t\t\t\t\t\t\t\t\t\t\t<\/div>\n\t\t\t\t\t\t\t\t<div class=\"elementor-field-type-textarea elementor-field-group elementor-column elementor-field-group-message elementor-col-100 elementor-field-required elementor-mark-required\">\n\t\t\t\t\t\t\t\t\t\t\t\t<label for=\"form-field-message\" class=\"elementor-field-label\">\n\t\t\t\t\t\t\t\tMensaje\t\t\t\t\t\t\t<\/label>\n\t\t\t\t\t\t<textarea class=\"elementor-field-textual elementor-field  elementor-size-sm\" name=\"form_fields[message]\" id=\"form-field-message\" rows=\"4\" required=\"required\"><\/textarea>\t\t\t\t<\/div>\n\t\t\t\t\t\t\t\t<div class=\"elementor-field-group elementor-column elementor-field-type-submit elementor-col-100 e-form__buttons\">\n\t\t\t\t\t<button class=\"elementor-button elementor-size-sm\" type=\"submit\">\n\t\t\t\t\t\t<span class=\"elementor-button-content-wrapper\">\n\t\t\t\t\t\t\t\t\t\t\t\t\t\t\t\t\t\t\t\t\t\t<span class=\"elementor-button-text\">Enviar<\/span>\n\t\t\t\t\t\t\t\t\t\t\t\t\t<\/span>\n\t\t\t\t\t<\/button>\n\t\t\t\t<\/div>\n\t\t\t<\/div>\n\t\t<\/form>\n\t\t\t\t\t\t<\/div>\n\t\t\t\t<\/div>\n\t\t\t\t\t<\/div>\n\t\t\t\t<\/div>\n\t\t\t\t<\/div>\n\t\t","protected":false},"excerpt":{"rendered":"<p>Contacto malu@larealizadora.com Instagram Portafolio Personal: www.loremipsum.com www.seddolorab.mx Facebook malu@larealizadora.com Twitter malu@larealizadora.com A modo de una peque\u00f1a presentaci\u00f3n, a continuaci\u00f3n les enlisto diez particularidades, o bien generalidades, de m\u00ed misma desde mi misma misma que la misma misma misma\u2026 \u00a0 Mi mayor habilidad: la interrupci\u00f3n inmediata de la realidad. El arte, el sue\u00f1o y mis incontables [&hellip;]<\/p>\n","protected":false},"author":2,"featured_media":0,"parent":0,"menu_order":0,"comment_status":"closed","ping_status":"closed","template":"elementor_header_footer","meta":{"footnotes":""},"class_list":["post-40","page","type-page","status-publish","hentry"],"_links":{"self":[{"href":"https:\/\/www.malusolis.com\/en\/wp-json\/wp\/v2\/pages\/40","targetHints":{"allow":["GET"]}}],"collection":[{"href":"https:\/\/www.malusolis.com\/en\/wp-json\/wp\/v2\/pages"}],"about":[{"href":"https:\/\/www.malusolis.com\/en\/wp-json\/wp\/v2\/types\/page"}],"author":[{"embeddable":true,"href":"https:\/\/www.malusolis.com\/en\/wp-json\/wp\/v2\/users\/2"}],"replies":[{"embeddable":true,"href":"https:\/\/www.malusolis.com\/en\/wp-json\/wp\/v2\/comments?post=40"}],"version-history":[{"count":106,"href":"https:\/\/www.malusolis.com\/en\/wp-json\/wp\/v2\/pages\/40\/revisions"}],"predecessor-version":[{"id":2375,"href":"https:\/\/www.malusolis.com\/en\/wp-json\/wp\/v2\/pages\/40\/revisions\/2375"}],"wp:attachment":[{"href":"https:\/\/www.malusolis.com\/en\/wp-json\/wp\/v2\/media?parent=40"}],"curies":[{"name":"wp","href":"https:\/\/api.w.org\/{rel}","templated":true}]}}